{"id":6136,"date":"2022-03-13T11:02:00","date_gmt":"2022-03-13T11:02:00","guid":{"rendered":"https:\/\/casasdemaderaftv.es\/informativa-sulla-privacy"},"modified":"2026-02-14T19:52:48","modified_gmt":"2026-02-14T19:52:48","slug":"informativa-sulla-privacy","status":"publish","type":"page","link":"https:\/\/casasdemaderaftv.es\/it\/informativa-sulla-privacy","title":{"rendered":"Informativa sulla privacy"},"content":{"rendered":"\n<p>Informativa sulla privacy<\/p>\n\n<p>Il Titolare ti informa della propria Privacy Policy relativa al trattamento e alla protezione dei dati personali degli utenti che possono essere raccolti durante la navigazione del Sito: <a href=\"https:\/\/casasdemaderaftv.es\/it\">https:\/\/casasdemaderaftv.es<\/a><\/p>\n\n<p>A questo proposito, il Titolare garantisce il rispetto della normativa vigente in materia di protezione dei dati personali, come risulta dalla Legge Organica 3\/2018, del 5 dicembre, sulla protezione dei dati personali e la garanzia dei diritti digitali (LOPD GDD). \u00c8 inoltre conforme al Regolamento (UE) 2016\/679 del Parlamento Europeo e del Consiglio del 27 aprile 2016 sulla protezione delle persone fisiche (GDPR).<\/p>\n\n<p>L&#8217;utilizzo del sito web implica l&#8217;accettazione della presente Informativa sulla privacy e delle condizioni incluse nell&#8217;<a href=\"https:\/\/casasdemaderaftv.es\/it\/avviso-legale\">Avviso legale<\/a>.<\/p>\n\n<p>Identit\u00e0 della persona responsabile<\/p>\n\n<ul class=\"wp-block-list\">\n<li><strong>Responsabile:<\/strong> Luca Resca.<\/li>\n\n\n\n<li><strong>PARTITA IVA:<\/strong> Y4285644E<\/li>\n\n\n\n<li><strong>Indirizzo:<\/strong> Manuel Velazquez Cabrera, 99, Las Palmas &#8211; Spagna.<\/li>\n\n\n\n<li><strong>E-mail:<\/strong> info@casasdemaderaftv.es<\/li>\n\n\n\n<li><strong>Sito web:<\/strong>  <a href=\"https:\/\/casasdemaderaftv.es\/it\">https:\/\/casasdemaderaftv.es<\/a><\/li>\n<\/ul>\n\n<p>Principi applicati nell&#8217;elaborazione dei dati<\/p>\n\n<p>Nel trattare i tuoi dati personali, il Titolare del trattamento applicher\u00e0 i seguenti principi che sono in linea con i requisiti del nuovo Regolamento Europeo sulla Protezione dei Dati (GDPR):<\/p>\n\n<ul class=\"wp-block-list\">\n<li>Principio di liceit\u00e0, correttezza e trasparenza: il Titolare del trattamento richieder\u00e0 sempre il consenso per il trattamento dei dati personali, che potr\u00e0 avvenire per una o pi\u00f9 finalit\u00e0 specifiche di cui il Titolare informer\u00e0 preventivamente l&#8217;Utente con assoluta trasparenza.<\/li>\n\n\n\n<li>Principio di minimizzazione dei dati: Il Titolare del trattamento richieder\u00e0 solo i dati strettamente necessari per le finalit\u00e0 per le quali i dati sono richiesti.<\/li>\n\n\n\n<li>Principio di limitazione del periodo di conservazione: Il Titolare del trattamento conserver\u00e0 i dati personali raccolti per il tempo strettamente necessario alle finalit\u00e0 del trattamento. Il Titolare del trattamento informer\u00e0 l&#8217;Utente del relativo periodo di conservazione a seconda della finalit\u00e0.<br\/>Nel caso di abbonamenti, il Titolare del trattamento rivedr\u00e0 periodicamente gli elenchi e canceller\u00e0 le registrazioni che sono rimaste inattive per un periodo di tempo considerevole.<\/li>\n\n\n\n<li>Principio di integrit\u00e0 e riservatezza: i dati personali raccolti saranno trattati in modo da garantirne la sicurezza, la riservatezza e l&#8217;integrit\u00e0.<br\/>Il Titolare del trattamento adotta le precauzioni necessarie per impedire l&#8217;accesso non autorizzato o l&#8217;uso improprio dei dati dei propri utenti da parte di terzi.<\/li>\n<\/ul>\n\n<p>Raccolta dei dati personali<\/p>\n\n<p>Non \u00e8 necessario fornire alcun dato personale per navigare sul sito.<\/p>\n\n<p>Diritti<\/p>\n\n<p>L&#8217;interessato informa che ha il diritto di:<\/p>\n\n<ul class=\"wp-block-list\">\n<li>Richiedere l&#8217;accesso ai dati archiviati.<\/li>\n\n\n\n<li>Richiedere la rettifica o la cancellazione.<\/li>\n\n\n\n<li>Richiedere la limitazione del loro trattamento.<\/li>\n\n\n\n<li>Trattamento opposto.<\/li>\n<\/ul>\n\n<p>Non puoi esercitare il diritto alla portabilit\u00e0 dei dati.<\/p>\n\n<p>L&#8217;esercizio di questi diritti \u00e8 personale e deve quindi essere esercitato direttamente dall&#8217;interessato, richiedendolo direttamente al Titolare del trattamento, il che significa che qualsiasi cliente, abbonato o collaboratore che abbia fornito i propri dati in qualsiasi momento pu\u00f2 contattare il Titolare del trattamento e richiedere informazioni sui dati conservati e su come sono stati ottenuti, richiedere la rettifica dei dati, opporsi al loro trattamento, limitarne l&#8217;uso o richiedere la cancellazione di tali dati dagli archivi del Titolare del trattamento.<\/p>\n\n<p>Per esercitare i tuoi diritti, invia la tua richiesta insieme a una fotocopia della tua Carta d&#8217;Identit\u00e0 Nazionale o equivalente al seguente indirizzo e-mail: info@casasdemaderaftv.es<\/p>\n\n<p>L&#8217;esercizio di questi diritti non include i dati che il Titolare del trattamento \u00e8 obbligato a conservare per scopi amministrativi, legali o di sicurezza.<\/p>\n\n<p>Hai diritto a un&#8217;efficace tutela giurisdizionale e a presentare un reclamo all&#8217;autorit\u00e0 di controllo, in questo caso l&#8217;Agenzia spagnola per la protezione dei dati, se ritieni che il trattamento dei dati personali che ti riguardano violi il Regolamento.<\/p>\n\n<p>Finalit\u00e0 del trattamento dei dati personali<\/p>\n\n<p>Quando ti colleghi al Sito Web per inviare un&#8217;e-mail al Titolare, iscriverti alla sua newsletter, fornisci informazioni personali di cui il Titolare \u00e8 responsabile. Queste informazioni possono includere dati personali come l&#8217;indirizzo IP, il nome e il cognome, l&#8217;indirizzo fisico, l&#8217;indirizzo e-mail, il numero di telefono e altre informazioni. Fornendo queste informazioni, acconsenti alla raccolta, all&#8217;uso, alla gestione e all&#8217;archiviazione dei tuoi dati da parte di &#8211; Ionos &#8211; solo come descritto nelle pagine:<\/p>\n\n<ul class=\"wp-block-list\">\n<li><a href=\"https:\/\/casasdemaderaftv.es\/it\/avviso-legale\">Avviso legale<\/a><\/li>\n\n\n\n<li><a href=\"https:\/\/casasdemaderaftv.es\/it\/informativa-sulla-privacy\">Informativa sulla privacy<\/a><\/li>\n<\/ul>\n\n<p>I dati personali e le finalit\u00e0 del trattamento da parte dell&#8217;interessato sono diversi a seconda del sistema di acquisizione delle informazioni:<\/p>\n\n<ul class=\"wp-block-list\">\n<li><\/li>\n<\/ul>\n\n<p>Esistono altre finalit\u00e0 per le quali il Titolare tratta i dati personali:<\/p>\n\n<ul class=\"wp-block-list\">\n<li>Per garantire il rispetto delle condizioni stabilite nella pagina delle note legali e della legge applicabile. Ci\u00f2 pu\u00f2 includere lo sviluppo di strumenti e algoritmi per aiutare il Sito Web a garantire la riservatezza dei dati personali raccolti.<\/li>\n\n\n\n<li>Per supportare e migliorare i servizi offerti da questo sito web.<\/li>\n\n\n\n<li>Per analizzare la navigazione degli utenti. Il Titolare raccoglie altri dati non identificativi ottenuti attraverso l&#8217;uso di cookie che vengono scaricati sul computer dell&#8217;Utente durante la navigazione del Sito, le cui caratteristiche e finalit\u00e0 sono dettagliate nella pagina della <a href=\"https:\/\/casasdemaderaftv.es\/politica-de-cookies\">Cookies Policy<\/a>.<\/li>\n\n\n\n<li>Per gestire i social network. Il Registrant \u00e8 presente sui social media. Se Lei diventa follower sui social network del Titolare, il trattamento dei Suoi dati personali sar\u00e0 disciplinato da questa sezione, nonch\u00e9 dalle condizioni d&#8217;uso, dalle informative sulla privacy e dalle norme di accesso proprie del social network di volta in volta applicabile e che Lei ha preventivamente accettato.<br>Pu\u00f2 consultare le informative sulla privacy dei principali social network seguendo questi link:<br>\n<ul class=\"wp-block-list\">\n<li><a href=\"https:\/\/www.facebook.com\/help\/cookies\">Facebook<\/a><\/li>\n\n\n\n<li><a href=\"https:\/\/twitter.com\/privacy\">Twitter<\/a><\/li>\n\n\n\n<li><a href=\"https:\/\/www.linkedin.com\/legal\/cookie-policy\">Linkedin<\/a><\/li>\n\n\n\n<li><a href=\"https:\/\/www.youtube.com\/privacy\">YouTube<\/a><\/li>\n\n\n\n<li><a href=\"https:\/\/www.instagram.com\/legal\/privacy\/\">Instagram<\/a><\/li>\n<\/ul>\n<\/li>\n\n\n\n<li><br\/>Il Titolare tratter\u00e0 i Suoi dati personali per gestire correttamente la Sua presenza sui social network, informarLa sulle proprie attivit\u00e0, nonch\u00e9 per ogni altra finalit\u00e0 che i regolamenti dei social network consentono.<br\/>In nessun caso il Titolare utilizzer\u00e0 i profili dei follower sui social network per inviare pubblicit\u00e0 in forma individuale.<\/li>\n<\/ul>\n\n<p>Sicurezza dei dati personali<\/p>\n\n<p>Per proteggere i tuoi dati personali, il Titolare del trattamento prende tutte le precauzioni ragionevoli e segue le migliori pratiche del settore per prevenire la perdita, l&#8217;uso improprio, l&#8217;accesso improprio, la divulgazione, l&#8217;alterazione o la distruzione dei tuoi dati personali.<\/p>\n\n<p>Il sito web \u00e8 ospitato da: Ionos. La sicurezza dei dati \u00e8 garantita, poich\u00e9 adotta tutte le misure di sicurezza necessarie. Per maggiori informazioni, puoi consultare l&#8217;informativa sulla privacy.<\/p>\n\n<p>Il Titolare del trattamento informa l&#8217;Utente che i suoi dati personali non saranno trasferiti a organizzazioni terze, tranne nel caso in cui tale trasferimento di dati sia coperto da un obbligo legale o quando la fornitura di un servizio implichi la necessit\u00e0 di un rapporto contrattuale con un responsabile del trattamento. In quest&#8217;ultimo caso, il trasferimento dei dati a terzi avverr\u00e0 solo quando il Titolare del trattamento avr\u00e0 il consenso esplicito dell&#8217;Utente.<\/p>\n\n<p>Tuttavia, in alcuni casi, \u00e8 possibile collaborare con altri professionisti; in questi casi, sar\u00e0 necessario il consenso dell&#8217;Utente, che comunicher\u00e0 l&#8217;identit\u00e0 del collaboratore e lo scopo della collaborazione. Verr\u00e0 sempre eseguito nel rispetto dei pi\u00f9 severi standard di sicurezza.<\/p>\n\n<p>Contenuti di altri siti web<\/p>\n\n<p>Le pagine di questo sito web possono includere contenuti incorporati (ad esempio video, immagini, articoli, ecc.). I contenuti incorporati di altri siti web si comportano esattamente come se avessi visitato l&#8217;altro sito web.<\/p>\n\n<p>Questi siti web possono raccogliere dati sull&#8217;utente, utilizzare cookie, incorporare codici di tracciamento aggiuntivi di terze parti e monitorare la sua interazione con tali codici.<\/p>\n\n<p>Informativa sui cookie<\/p>\n\n<p>Per funzionare correttamente, questo sito web ha bisogno di utilizzare i cookie, ovvero informazioni che vengono memorizzate nel tuo browser web.<\/p>\n\n<p>Puoi consultare tutte le informazioni relative alla politica di raccolta e trattamento dei cookie alla pagina <a href=\"https:\/\/casasdemaderaftv.es\/politica-de-cookies\">Politica sui cookie<\/a>.<\/p>\n\n<p>Legittimazione al trattamento dei dati<\/p>\n\n<p>La base giuridica del trattamento dei tuoi dati \u00e8:<\/p>\n\n<ul class=\"wp-block-list\">\n<li>Il consenso dell&#8217;interessato.<\/li>\n<\/ul>\n\n<p>Categorie di dati personali<\/p>\n\n<p>Le categorie di dati personali trattati dal Titolare sono:<\/p>\n\n<ul class=\"wp-block-list\">\n<li>Identificazione dei dati.<\/li>\n\n\n\n<li>Non vengono trattate categorie di dati particolarmente protette.<\/li>\n<\/ul>\n\n<p>Conservazione dei dati personali<\/p>\n\n<p>I dati personali forniti all&#8217;Interessato saranno conservati fino a quando l&#8217;Interessato non ne richieder\u00e0 la cancellazione.<\/p>\n\n<p>Destinatari dei dati personali<\/p>\n\n<ul class=\"wp-block-list\">\n<li><strong>Google Analytics<\/strong> \u00e8 un servizio di analisi web fornito da Google, Inc. una societ\u00e0 del Delaware con sede a 1600 Amphitheatre Parkway, Mountain View (California), CA 94043, Stati Uniti (&#8220;Google&#8221;).<br\/>Google Analytics utilizza dei &#8220;cookies&#8221;, file di testo che vengono depositati sul computer dell&#8217;utente per consentire al Titolare di analizzare come gli utenti utilizzano il Sito. Le informazioni generate dal cookie sull&#8217;utilizzo del sito web da parte dell&#8217;utente (compreso il suo indirizzo IP) verranno trasmesse e memorizzate da Google su server situati negli Stati Uniti.<br\/>. Maggiori informazioni su: <a href=\"https:\/\/policies.google.com\/privacy?hl=es-ES\">https:\/\/analytics.google.com.<\/a><\/li>\n\n\n\n<li><strong>Google AdSense<\/strong> \u00e8 un insieme di servizi pubblicitari forniti da Google, Inc. una societ\u00e0 del Delaware con sede a 1600 Amphitheatre Parkway, Mountain View (California), CA 94043, Stati Uniti (&#8220;Google&#8221;).<br\/>AdSense utilizza i cookie per migliorare la pubblicit\u00e0, indirizzare la pubblicit\u00e0 in base ai contenuti rilevanti per gli utenti e migliorare la reportistica sulle prestazioni delle campagne.<br\/>Maggiori informazioni su: <a href=\"https:\/\/policies.google.com\/privacy?hl=es-ES\">https:\/\/www.google.com\/adsense<\/a><\/li>\n<\/ul>\n\n<p>Puoi vedere come Google gestisce la privacy in merito all&#8217;utilizzo dei cookie e di altre informazioni sulla pagina delle Norme sulla privacy di Google: <a href=\"https:\/\/policies.google.com\/privacy?hl=es\">https:\/\/policies.google.com\/privacy?hl=es<\/a><\/p>\n\n<p>Puoi anche consultare l&#8217;elenco dei tipi di cookie utilizzati da Google e dai suoi partner e tutte le informazioni relative all&#8217;utilizzo dei cookie pubblicitari all&#8217;indirizzo:<\/p>\n\n<ul class=\"wp-block-list\">\n<li><a href=\"https:\/\/policies.google.com\/technologies\/types?hl=es\">Tipi di cookie utilizzati da Google<\/a><\/li>\n\n\n\n<li><a href=\"https:\/\/policies.google.com\/technologies\/ads?hl=es\">Come Google utilizza i cookie nella pubblicit\u00e0<\/a>.<\/li>\n<\/ul>\n\n<p>Navigazione web<\/p>\n\n<p>Durante la navigazione del Sito, possono essere raccolti dati non identificativi, tra cui l&#8217;indirizzo IP, la geolocalizzazione, un registro delle modalit\u00e0 di utilizzo dei servizi e dei siti, le abitudini di navigazione e altri dati che non possono essere utilizzati per identificare l&#8217;utente.<\/p>\n\n<p>Il sito web utilizza i seguenti servizi di analisi di terze parti:<\/p>\n\n<ul class=\"wp-block-list\">\n<li>Google Analytics.<\/li>\n\n\n\n<li>Google AdSense.<\/li>\n<\/ul>\n\n<p>Il Titolare utilizza le informazioni ottenute per ottenere dati statistici, analizzare le tendenze, amministrare il sito, studiare i modelli di navigazione e raccogliere informazioni demografiche.<\/p>\n\n<p>Il Titolare non \u00e8 responsabile del trattamento dei dati personali da parte dei siti web a cui \u00e8 possibile accedere tramite i vari link presenti nel Sito.<\/p>\n\n<p>Accuratezza e veridicit\u00e0 dei dati personali<\/p>\n\n<p>Ti impegni a garantire che i dati forniti al Titolare del trattamento siano corretti, completi, accurati e aggiornati, nonch\u00e9 a mantenerli debitamente aggiornati.<\/p>\n\n<p>In qualit\u00e0 di Utente del Sito, sei l&#8217;unico responsabile della veridicit\u00e0 e della correttezza dei dati inviati al Sito, esonerando il Titolare da qualsiasi responsabilit\u00e0 al riguardo.<\/p>\n\n<p>Accettazione e consenso<\/p>\n\n<p>In qualit\u00e0 di Utente del Sito, dichiari di essere stato informato delle condizioni sulla protezione dei dati personali e accetti e acconsenti al trattamento di tali dati da parte del Titolare nelle modalit\u00e0 e per le finalit\u00e0 indicate nella presente Informativa sulla Privacy.<\/p>\n\n<p>Per contattare il Titolare, iscriversi alla newsletter o fare commenti su questo sito web \u00e8 necessario accettare la presente Informativa sulla privacy.<\/p>\n\n<p>Modifiche all&#8217;Informativa sulla privacy<\/p>\n\n<p>Il Titolare si riserva il diritto di modificare la presente Informativa sulla Privacy per adeguarla a nuove normative o giurisprudenze, nonch\u00e9 alle prassi del settore.<\/p>\n\n<p>Tali polizze rimarranno in vigore fino a quando non saranno modificate da altre polizze debitamente pubblicate.<\/p>\n","protected":false},"excerpt":{"rendered":"<p>Informativa sulla privacy Il Titolare ti informa della propria Privacy Policy relativa al trattamento e alla protezione dei dati personali degli utenti che possono essere raccolti durante la navigazione del Sito: https:\/\/casasdemaderaftv.es A questo proposito, il Titolare garantisce il rispetto della normativa vigente in materia di protezione dei dati personali, come risulta dalla Legge Organica [&hellip;]<\/p>\n","protected":false},"author":1,"featured_media":0,"parent":0,"menu_order":0,"comment_status":"closed","ping_status":"closed","template":"","meta":{"_et_pb_use_builder":"","_et_pb_old_content":"","_et_gb_content_width":"","footnotes":""},"class_list":["post-6136","page","type-page","status-publish","hentry"],"yoast_head":"<!-- This site is optimized with the Yoast SEO plugin v27.5 - https:\/\/yoast.com\/product\/yoast-seo-wordpress\/ -->\n<title>Informativa sulla privacy - Case prefabbricate Lignum Domus<\/title>\n<meta name=\"robots\" content=\"index, follow, max-snippet:-1, max-image-preview:large, max-video-preview:-1\" \/>\n<link rel=\"canonical\" href=\"https:\/\/casasdemaderaftv.es\/it\/informativa-sulla-privacy\" \/>\n<meta property=\"og:locale\" content=\"it_IT\" \/>\n<meta property=\"og:type\" content=\"article\" \/>\n<meta property=\"og:title\" content=\"Informativa sulla privacy - Case prefabbricate Lignum Domus\" \/>\n<meta property=\"og:description\" content=\"Informativa sulla privacy Il Titolare ti informa della propria Privacy Policy relativa al trattamento e alla protezione dei dati personali degli utenti che possono essere raccolti durante la navigazione del Sito: https:\/\/casasdemaderaftv.es A questo proposito, il Titolare garantisce il rispetto della normativa vigente in materia di protezione dei dati personali, come risulta dalla Legge Organica [&hellip;]\" \/>\n<meta property=\"og:url\" content=\"https:\/\/casasdemaderaftv.es\/it\/informativa-sulla-privacy\" \/>\n<meta property=\"og:site_name\" content=\"Case prefabbricate Lignum Domus\" \/>\n<meta property=\"article:modified_time\" content=\"2026-02-14T19:52:48+00:00\" \/>\n<meta name=\"twitter:card\" content=\"summary_large_image\" \/>\n<meta name=\"twitter:label1\" content=\"Tempo di lettura stimato\" \/>\n\t<meta name=\"twitter:data1\" content=\"9 minuti\" \/>\n<script type=\"application\/ld+json\" class=\"yoast-schema-graph\">{\"@context\":\"https:\\\/\\\/schema.org\",\"@graph\":[{\"@type\":\"WebPage\",\"@id\":\"https:\\\/\\\/casasdemaderaftv.es\\\/it\\\/informativa-sulla-privacy\",\"url\":\"https:\\\/\\\/casasdemaderaftv.es\\\/it\\\/informativa-sulla-privacy\",\"name\":\"Informativa sulla privacy - Case prefabbricate Lignum Domus\",\"isPartOf\":{\"@id\":\"https:\\\/\\\/casasdemaderaftv.es\\\/it#website\"},\"datePublished\":\"2022-03-13T11:02:00+00:00\",\"dateModified\":\"2026-02-14T19:52:48+00:00\",\"breadcrumb\":{\"@id\":\"https:\\\/\\\/casasdemaderaftv.es\\\/it\\\/informativa-sulla-privacy#breadcrumb\"},\"inLanguage\":\"it-IT\",\"potentialAction\":[{\"@type\":\"ReadAction\",\"target\":[\"https:\\\/\\\/casasdemaderaftv.es\\\/it\\\/informativa-sulla-privacy\"]}]},{\"@type\":\"BreadcrumbList\",\"@id\":\"https:\\\/\\\/casasdemaderaftv.es\\\/it\\\/informativa-sulla-privacy#breadcrumb\",\"itemListElement\":[{\"@type\":\"ListItem\",\"position\":1,\"name\":\"Portada\",\"item\":\"https:\\\/\\\/casasdemaderaftv.es\\\/it\\\/bioedilizia-di-case-prefabbricate\"},{\"@type\":\"ListItem\",\"position\":2,\"name\":\"Informativa sulla privacy\"}]},{\"@type\":\"WebSite\",\"@id\":\"https:\\\/\\\/casasdemaderaftv.es\\\/it#website\",\"url\":\"https:\\\/\\\/casasdemaderaftv.es\\\/it\",\"name\":\"Case prefabbricate Lignum Domus\",\"description\":\"Case prefabbricate in legno a Fuerteventura. Costruiamo nelle Isole Canarie e in tutta la Spagna.\",\"publisher\":{\"@id\":\"https:\\\/\\\/casasdemaderaftv.es\\\/it#organization\"},\"potentialAction\":[{\"@type\":\"SearchAction\",\"target\":{\"@type\":\"EntryPoint\",\"urlTemplate\":\"https:\\\/\\\/casasdemaderaftv.es\\\/it?s={search_term_string}\"},\"query-input\":{\"@type\":\"PropertyValueSpecification\",\"valueRequired\":true,\"valueName\":\"search_term_string\"}}],\"inLanguage\":\"it-IT\"},{\"@type\":\"Organization\",\"@id\":\"https:\\\/\\\/casasdemaderaftv.es\\\/it#organization\",\"name\":\"Lignum Domus\",\"url\":\"https:\\\/\\\/casasdemaderaftv.es\\\/it\",\"logo\":{\"@type\":\"ImageObject\",\"inLanguage\":\"it-IT\",\"@id\":\"https:\\\/\\\/casasdemaderaftv.es\\\/it#\\\/schema\\\/logo\\\/image\\\/\",\"url\":\"https:\\\/\\\/casasdemaderaftv.es\\\/wp-content\\\/uploads\\\/2022\\\/03\\\/logolignumdomus-1.png\",\"contentUrl\":\"https:\\\/\\\/casasdemaderaftv.es\\\/wp-content\\\/uploads\\\/2022\\\/03\\\/logolignumdomus-1.png\",\"width\":200,\"height\":200,\"caption\":\"Lignum Domus\"},\"image\":{\"@id\":\"https:\\\/\\\/casasdemaderaftv.es\\\/it#\\\/schema\\\/logo\\\/image\\\/\"}}]}<\/script>\n<!-- \/ Yoast SEO plugin. -->","yoast_head_json":{"title":"Informativa sulla privacy - Case prefabbricate Lignum Domus","robots":{"index":"index","follow":"follow","max-snippet":"max-snippet:-1","max-image-preview":"max-image-preview:large","max-video-preview":"max-video-preview:-1"},"canonical":"https:\/\/casasdemaderaftv.es\/it\/informativa-sulla-privacy","og_locale":"it_IT","og_type":"article","og_title":"Informativa sulla privacy - Case prefabbricate Lignum Domus","og_description":"Informativa sulla privacy Il Titolare ti informa della propria Privacy Policy relativa al trattamento e alla protezione dei dati personali degli utenti che possono essere raccolti durante la navigazione del Sito: https:\/\/casasdemaderaftv.es A questo proposito, il Titolare garantisce il rispetto della normativa vigente in materia di protezione dei dati personali, come risulta dalla Legge Organica [&hellip;]","og_url":"https:\/\/casasdemaderaftv.es\/it\/informativa-sulla-privacy","og_site_name":"Case prefabbricate Lignum Domus","article_modified_time":"2026-02-14T19:52:48+00:00","twitter_card":"summary_large_image","twitter_misc":{"Tempo di lettura stimato":"9 minuti"},"schema":{"@context":"https:\/\/schema.org","@graph":[{"@type":"WebPage","@id":"https:\/\/casasdemaderaftv.es\/it\/informativa-sulla-privacy","url":"https:\/\/casasdemaderaftv.es\/it\/informativa-sulla-privacy","name":"Informativa sulla privacy - Case prefabbricate Lignum Domus","isPartOf":{"@id":"https:\/\/casasdemaderaftv.es\/it#website"},"datePublished":"2022-03-13T11:02:00+00:00","dateModified":"2026-02-14T19:52:48+00:00","breadcrumb":{"@id":"https:\/\/casasdemaderaftv.es\/it\/informativa-sulla-privacy#breadcrumb"},"inLanguage":"it-IT","potentialAction":[{"@type":"ReadAction","target":["https:\/\/casasdemaderaftv.es\/it\/informativa-sulla-privacy"]}]},{"@type":"BreadcrumbList","@id":"https:\/\/casasdemaderaftv.es\/it\/informativa-sulla-privacy#breadcrumb","itemListElement":[{"@type":"ListItem","position":1,"name":"Portada","item":"https:\/\/casasdemaderaftv.es\/it\/bioedilizia-di-case-prefabbricate"},{"@type":"ListItem","position":2,"name":"Informativa sulla privacy"}]},{"@type":"WebSite","@id":"https:\/\/casasdemaderaftv.es\/it#website","url":"https:\/\/casasdemaderaftv.es\/it","name":"Case prefabbricate Lignum Domus","description":"Case prefabbricate in legno a Fuerteventura. Costruiamo nelle Isole Canarie e in tutta la Spagna.","publisher":{"@id":"https:\/\/casasdemaderaftv.es\/it#organization"},"potentialAction":[{"@type":"SearchAction","target":{"@type":"EntryPoint","urlTemplate":"https:\/\/casasdemaderaftv.es\/it?s={search_term_string}"},"query-input":{"@type":"PropertyValueSpecification","valueRequired":true,"valueName":"search_term_string"}}],"inLanguage":"it-IT"},{"@type":"Organization","@id":"https:\/\/casasdemaderaftv.es\/it#organization","name":"Lignum Domus","url":"https:\/\/casasdemaderaftv.es\/it","logo":{"@type":"ImageObject","inLanguage":"it-IT","@id":"https:\/\/casasdemaderaftv.es\/it#\/schema\/logo\/image\/","url":"https:\/\/casasdemaderaftv.es\/wp-content\/uploads\/2022\/03\/logolignumdomus-1.png","contentUrl":"https:\/\/casasdemaderaftv.es\/wp-content\/uploads\/2022\/03\/logolignumdomus-1.png","width":200,"height":200,"caption":"Lignum Domus"},"image":{"@id":"https:\/\/casasdemaderaftv.es\/it#\/schema\/logo\/image\/"}}]}},"_links":{"self":[{"href":"https:\/\/casasdemaderaftv.es\/it\/wp-json\/wp\/v2\/pages\/6136","targetHints":{"allow":["GET"]}}],"collection":[{"href":"https:\/\/casasdemaderaftv.es\/it\/wp-json\/wp\/v2\/pages"}],"about":[{"href":"https:\/\/casasdemaderaftv.es\/it\/wp-json\/wp\/v2\/types\/page"}],"author":[{"embeddable":true,"href":"https:\/\/casasdemaderaftv.es\/it\/wp-json\/wp\/v2\/users\/1"}],"replies":[{"embeddable":true,"href":"https:\/\/casasdemaderaftv.es\/it\/wp-json\/wp\/v2\/comments?post=6136"}],"version-history":[{"count":3,"href":"https:\/\/casasdemaderaftv.es\/it\/wp-json\/wp\/v2\/pages\/6136\/revisions"}],"predecessor-version":[{"id":6389,"href":"https:\/\/casasdemaderaftv.es\/it\/wp-json\/wp\/v2\/pages\/6136\/revisions\/6389"}],"wp:attachment":[{"href":"https:\/\/casasdemaderaftv.es\/it\/wp-json\/wp\/v2\/media?parent=6136"}],"curies":[{"name":"wp","href":"https:\/\/api.w.org\/{rel}","templated":true}]}}