{"id":6075,"date":"2022-03-13T11:01:54","date_gmt":"2022-03-13T11:01:54","guid":{"rendered":"https:\/\/casasdemaderaftv.es\/avviso-legale"},"modified":"2026-02-14T19:34:55","modified_gmt":"2026-02-14T19:34:55","slug":"avviso-legale","status":"publish","type":"page","link":"https:\/\/casasdemaderaftv.es\/it\/avviso-legale","title":{"rendered":"Avviso legale"},"content":{"rendered":"\n<p>Avviso legale<\/p>\n\n<p>Identificazione e propriet\u00e0<\/p>\n\n<p>Ai sensi dell&#8217;articolo 10 della Legge 34\/2002, dell&#8217;11 luglio, sui servizi della societ\u00e0 dell&#8217;informazione e del commercio elettronico, il Titolare indica i propri dati identificativi:<\/p>\n\n<ul class=\"wp-block-list\">\n<li><strong>Titolare:<\/strong> Luca Resca.<\/li>\n\n\n\n<li><strong>PARTITA IVA:<\/strong> Y4285644E<\/li>\n\n\n\n<li><strong>Indirizzo:<\/strong> Manuel Velazquez Cabrera, 99, Las Palmas &#8211; Spagna.<\/li>\n\n\n\n<li><strong>E-mail:<\/strong> info@casasdemaderaftv.es<\/li>\n\n\n\n<li><strong>Sito web:<\/strong>  <a href=\"https:\/\/casasdemaderaftv.es\/it\">https:\/\/casasdemaderaftv.es<\/a><\/li>\n<\/ul>\n\n<p>Scopo<\/p>\n\n<p>Lo scopo del sito web \u00e8: Produzione e costruzione di case prefabbricate in legno.<\/p>\n\n<p>Condizioni d&#8217;uso<\/p>\n\n<p>L&#8217;utilizzo del Sito web conferisce all&#8217;utente lo status di Utente e implica la piena accettazione di tutte le clausole e condizioni d&#8217;uso incluse nelle pagine:<\/p>\n\n<ul class=\"wp-block-list\">\n<li><a href=\"https:\/\/casasdemaderaftv.es\/it\/avviso-legale\">Avviso legale<\/a><\/li>\n\n\n\n<li><a href=\"https:\/\/casasdemaderaftv.es\/it\/informativa-sulla-privacy\">Informativa sulla privacy<\/a><\/li>\n\n\n\n<li><a href=\"https:\/\/casasdemaderaftv.es\/politica-de-cookies\">Informativa sui cookie<\/a><\/li>\n<\/ul>\n\n<p>Se non sei d&#8217;accordo con ognuno di questi termini e condizioni, ti invitiamo a non utilizzare il Sito.<\/p>\n\n<p>L&#8217;accesso al Sito non implica in alcun modo l&#8217;avvio di un rapporto commerciale con il Titolare.<\/p>\n\n<p>Attraverso il Sito web, l&#8217;Intestatario ti fornisce l&#8217;accesso e l&#8217;utilizzo di vari contenuti che l&#8217;Intestatario e\/o i suoi collaboratori hanno pubblicato su Internet.<\/p>\n\n<p>A tal fine, sei obbligato e ti impegni a NON utilizzare alcuno dei contenuti del Sito per scopi o effetti illeciti, vietati dal presente Avviso Legale o dalla legislazione vigente, lesivi dei diritti e degli interessi di terzi, o che in qualsiasi modo possano danneggiare, disabilitare, sovraccaricare, deteriorare o impedire il normale utilizzo dei contenuti, delle apparecchiature informatiche o dei documenti, dei file e di tutti i tipi di contenuti memorizzati su qualsiasi apparecchiatura informatica di propriet\u00e0 o in appalto del Titolare, di altri utenti o di qualsiasi utente di Internet.<\/p>\n\n<p>Misure di sicurezza<\/p>\n\n<p>I dati personali forniti al Titolare potranno essere conservati in database automatizzati o non automatizzati, la cui titolarit\u00e0 corrisponde esclusivamente al Titolare, che si assume tutte le misure tecniche, organizzative e di sicurezza atte a garantire la riservatezza, l&#8217;integrit\u00e0 e la qualit\u00e0 delle informazioni ivi contenute in conformit\u00e0 a quanto previsto dalla normativa vigente in materia di protezione dei dati.<\/p>\n\n<p>Tuttavia, l&#8217;utente deve essere consapevole che le misure di sicurezza dei sistemi informatici su Internet non sono del tutto affidabili e che, pertanto, il Titolare non pu\u00f2 garantire l&#8217;inesistenza di virus o di altri elementi che possano causare alterazioni nei sistemi informatici (software e hardware) dell&#8217;Utente o nei suoi documenti elettronici e nei file in essi contenuti, sebbene il Titolare compia ogni sforzo e adotti le misure di sicurezza necessarie per evitare la presenza di tali elementi dannosi.<\/p>\n\n<p>Trattamento dei dati personali<\/p>\n\n<p>Puoi consultare tutte le informazioni relative al trattamento dei dati personali raccolti dal Titolare del trattamento alla pagina <a href=\"https:\/\/casasdemaderaftv.es\/it\/informativa-sulla-privacy\">Privacy Policy<\/a>.<\/p>\n\n<p>Contenuti<\/p>\n\n<p>Il Titolare ha ottenuto le informazioni, i contenuti multimediali e i materiali contenuti nel Sito Web da fonti che ritiene affidabili, ma pur avendo adottato tutte le misure ragionevoli per garantire che le informazioni contenute siano corrette, il Titolare non garantisce che siano accurate, complete o aggiornate. Il Titolare declina espressamente ogni responsabilit\u00e0 per errori o omissioni nelle informazioni contenute nelle pagine del Sito.<\/p>\n\n<p>\u00c8 vietato trasmettere o inviare attraverso il Sito contenuti illegali o illeciti, virus informatici o messaggi che, in generale, ledano o violino i diritti del Titolare o di terzi.<\/p>\n\n<p>I contenuti del Sito web hanno uno scopo puramente informativo e in nessun caso devono essere utilizzati o considerati come un&#8217;offerta di vendita, una sollecitazione di un&#8217;offerta di acquisto o una raccomandazione ad effettuare qualsiasi altra transazione, a meno che non sia espressamente indicato.<\/p>\n\n<p>Il Titolare si riserva il diritto di modificare, sospendere, cancellare o limitare il contenuto del Sito, i link o le informazioni ottenute tramite il Sito, senza preavviso.<\/p>\n\n<p>L&#8217;albergatore non \u00e8 responsabile di eventuali danni che possano derivare dall&#8217;uso delle informazioni presenti sul sito web o contenute nei social network dell&#8217;albergatore.<\/p>\n\n<p>Informativa sui cookie<\/p>\n\n<p>Puoi consultare tutte le informazioni relative alla politica di raccolta e trattamento dei cookie alla pagina <a href=\"https:\/\/casasdemaderaftv.es\/politica-de-cookies\">Politica sui cookie<\/a>.<\/p>\n\n<p>Link ad altri siti web<\/p>\n\n<p>Il Titolare pu\u00f2 fornire all&#8217;utente l&#8217;accesso a siti web di terzi tramite link al solo scopo di informarlo dell&#8217;esistenza di altre fonti di informazione su Internet in cui pu\u00f2 trovare ulteriori informazioni sul Sito.<\/p>\n\n<p>Questi link ad altri siti web non rappresentano in alcun modo un suggerimento o una raccomandazione per l&#8217;utente a visitare i siti web di destinazione, che sono al di fuori del controllo del Titolare, e il Titolare non \u00e8 responsabile per il contenuto dei siti web collegati o per il risultato che si ottiene seguendo i link. Allo stesso modo, il Titolare non \u00e8 responsabile dei link o dei collegamenti presenti sui siti web collegati ai quali fornisce l&#8217;accesso.<\/p>\n\n<p>La creazione del link non implica in alcun caso l&#8217;esistenza di una relazione tra il Titolare e il proprietario del sito in cui viene stabilito il link, n\u00e9 l&#8217;accettazione o l&#8217;approvazione da parte del Titolare dei suoi contenuti o servizi.<\/p>\n\n<p>Se accedi a un sito web esterno da un link presente sul Sito, devi leggere l&#8217;informativa sulla privacy dell&#8217;altro sito web, che potrebbe essere diversa da quella del presente Sito.<\/p>\n\n<p>Propriet\u00e0 intellettuale e industriale<\/p>\n\n<p>Tutti i diritti riservati.<\/p>\n\n<p>L&#8217;accesso a questo Sito web \u00e8 soggetto alle seguenti condizioni: la riproduzione, l&#8217;archiviazione permanente e la diffusione dei contenuti o qualsiasi altro utilizzo a fini pubblici o commerciali \u00e8 espressamente vietato senza il previo consenso scritto del Titolare.<\/p>\n\n<p>Limitazione di responsabilit\u00e0<\/p>\n\n<p>Il Titolare declina ogni responsabilit\u00e0 in caso di interruzioni o malfunzionamenti dei Servizi o dei contenuti offerti su Internet, qualunque ne sia la causa. Allo stesso modo, il Titolare non sar\u00e0 responsabile per interruzioni di rete, perdita di attivit\u00e0 a causa di tali interruzioni, interruzioni temporanee di corrente o qualsiasi altro tipo di danno indiretto che possa essere causato da cause al di fuori del controllo del Titolare.<\/p>\n\n<p>Prima di prendere decisioni e\/o azioni basate sulle informazioni contenute nel Sito web, il Titolare consiglia di verificare e confrontare le informazioni ricevute con altre fonti.<\/p>\n\n<p>Giurisdizione<\/p>\n\n<p>Il presente Avviso Legale \u00e8 interamente disciplinato dalla legge spagnola.<\/p>\n\n<p>Contatto<\/p>\n\n<p>Se hai domande su questo Avviso Legale o desideri fare commenti sul Sito, puoi inviare un&#8217;e-mail al seguente indirizzo: info@casasdemaderaftv.es<\/p>\n","protected":false},"excerpt":{"rendered":"<p>Avviso legale Identificazione e propriet\u00e0 Ai sensi dell&#8217;articolo 10 della Legge 34\/2002, dell&#8217;11 luglio, sui servizi della societ\u00e0 dell&#8217;informazione e del commercio elettronico, il Titolare indica i propri dati identificativi: Scopo Lo scopo del sito web \u00e8: Produzione e costruzione di case prefabbricate in legno. Condizioni d&#8217;uso L&#8217;utilizzo del Sito web conferisce all&#8217;utente lo status [&hellip;]<\/p>\n","protected":false},"author":1,"featured_media":0,"parent":0,"menu_order":0,"comment_status":"closed","ping_status":"closed","template":"","meta":{"_et_pb_use_builder":"off","_et_pb_old_content":"","_et_gb_content_width":"","footnotes":""},"class_list":["post-6075","page","type-page","status-publish","hentry"],"yoast_head":"<!-- This site is optimized with the Yoast SEO plugin v27.5 - https:\/\/yoast.com\/product\/yoast-seo-wordpress\/ -->\n<title>Avviso legale - Case prefabbricate Lignum Domus<\/title>\n<meta name=\"robots\" content=\"index, follow, max-snippet:-1, max-image-preview:large, max-video-preview:-1\" \/>\n<link rel=\"canonical\" href=\"https:\/\/casasdemaderaftv.es\/it\/avviso-legale\" \/>\n<meta property=\"og:locale\" content=\"it_IT\" \/>\n<meta property=\"og:type\" content=\"article\" \/>\n<meta property=\"og:title\" content=\"Avviso legale - Case prefabbricate Lignum Domus\" \/>\n<meta property=\"og:description\" content=\"Avviso legale Identificazione e propriet\u00e0 Ai sensi dell&#8217;articolo 10 della Legge 34\/2002, dell&#8217;11 luglio, sui servizi della societ\u00e0 dell&#8217;informazione e del commercio elettronico, il Titolare indica i propri dati identificativi: Scopo Lo scopo del sito web \u00e8: Produzione e costruzione di case prefabbricate in legno. Condizioni d&#8217;uso L&#8217;utilizzo del Sito web conferisce all&#8217;utente lo status [&hellip;]\" \/>\n<meta property=\"og:url\" content=\"https:\/\/casasdemaderaftv.es\/it\/avviso-legale\" \/>\n<meta property=\"og:site_name\" content=\"Case prefabbricate Lignum Domus\" \/>\n<meta property=\"article:modified_time\" content=\"2026-02-14T19:34:55+00:00\" \/>\n<meta name=\"twitter:card\" content=\"summary_large_image\" \/>\n<meta name=\"twitter:label1\" content=\"Tempo di lettura stimato\" \/>\n\t<meta name=\"twitter:data1\" content=\"5 minuti\" \/>\n<script type=\"application\/ld+json\" class=\"yoast-schema-graph\">{\"@context\":\"https:\\\/\\\/schema.org\",\"@graph\":[{\"@type\":\"WebPage\",\"@id\":\"https:\\\/\\\/casasdemaderaftv.es\\\/it\\\/avviso-legale\",\"url\":\"https:\\\/\\\/casasdemaderaftv.es\\\/it\\\/avviso-legale\",\"name\":\"Avviso legale - Case prefabbricate Lignum Domus\",\"isPartOf\":{\"@id\":\"https:\\\/\\\/casasdemaderaftv.es\\\/it#website\"},\"datePublished\":\"2022-03-13T11:01:54+00:00\",\"dateModified\":\"2026-02-14T19:34:55+00:00\",\"breadcrumb\":{\"@id\":\"https:\\\/\\\/casasdemaderaftv.es\\\/it\\\/avviso-legale#breadcrumb\"},\"inLanguage\":\"it-IT\",\"potentialAction\":[{\"@type\":\"ReadAction\",\"target\":[\"https:\\\/\\\/casasdemaderaftv.es\\\/it\\\/avviso-legale\"]}]},{\"@type\":\"BreadcrumbList\",\"@id\":\"https:\\\/\\\/casasdemaderaftv.es\\\/it\\\/avviso-legale#breadcrumb\",\"itemListElement\":[{\"@type\":\"ListItem\",\"position\":1,\"name\":\"Portada\",\"item\":\"https:\\\/\\\/casasdemaderaftv.es\\\/it\\\/bioedilizia-di-case-prefabbricate\"},{\"@type\":\"ListItem\",\"position\":2,\"name\":\"Avviso legale\"}]},{\"@type\":\"WebSite\",\"@id\":\"https:\\\/\\\/casasdemaderaftv.es\\\/it#website\",\"url\":\"https:\\\/\\\/casasdemaderaftv.es\\\/it\",\"name\":\"Case prefabbricate Lignum Domus\",\"description\":\"Case prefabbricate in legno a Fuerteventura. Costruiamo nelle Isole Canarie e in tutta la Spagna.\",\"publisher\":{\"@id\":\"https:\\\/\\\/casasdemaderaftv.es\\\/it#organization\"},\"potentialAction\":[{\"@type\":\"SearchAction\",\"target\":{\"@type\":\"EntryPoint\",\"urlTemplate\":\"https:\\\/\\\/casasdemaderaftv.es\\\/it?s={search_term_string}\"},\"query-input\":{\"@type\":\"PropertyValueSpecification\",\"valueRequired\":true,\"valueName\":\"search_term_string\"}}],\"inLanguage\":\"it-IT\"},{\"@type\":\"Organization\",\"@id\":\"https:\\\/\\\/casasdemaderaftv.es\\\/it#organization\",\"name\":\"Lignum Domus\",\"url\":\"https:\\\/\\\/casasdemaderaftv.es\\\/it\",\"logo\":{\"@type\":\"ImageObject\",\"inLanguage\":\"it-IT\",\"@id\":\"https:\\\/\\\/casasdemaderaftv.es\\\/it#\\\/schema\\\/logo\\\/image\\\/\",\"url\":\"https:\\\/\\\/casasdemaderaftv.es\\\/wp-content\\\/uploads\\\/2022\\\/03\\\/logolignumdomus-1.png\",\"contentUrl\":\"https:\\\/\\\/casasdemaderaftv.es\\\/wp-content\\\/uploads\\\/2022\\\/03\\\/logolignumdomus-1.png\",\"width\":200,\"height\":200,\"caption\":\"Lignum Domus\"},\"image\":{\"@id\":\"https:\\\/\\\/casasdemaderaftv.es\\\/it#\\\/schema\\\/logo\\\/image\\\/\"}}]}<\/script>\n<!-- \/ Yoast SEO plugin. -->","yoast_head_json":{"title":"Avviso legale - Case prefabbricate Lignum Domus","robots":{"index":"index","follow":"follow","max-snippet":"max-snippet:-1","max-image-preview":"max-image-preview:large","max-video-preview":"max-video-preview:-1"},"canonical":"https:\/\/casasdemaderaftv.es\/it\/avviso-legale","og_locale":"it_IT","og_type":"article","og_title":"Avviso legale - Case prefabbricate Lignum Domus","og_description":"Avviso legale Identificazione e propriet\u00e0 Ai sensi dell&#8217;articolo 10 della Legge 34\/2002, dell&#8217;11 luglio, sui servizi della societ\u00e0 dell&#8217;informazione e del commercio elettronico, il Titolare indica i propri dati identificativi: Scopo Lo scopo del sito web \u00e8: Produzione e costruzione di case prefabbricate in legno. Condizioni d&#8217;uso L&#8217;utilizzo del Sito web conferisce all&#8217;utente lo status [&hellip;]","og_url":"https:\/\/casasdemaderaftv.es\/it\/avviso-legale","og_site_name":"Case prefabbricate Lignum Domus","article_modified_time":"2026-02-14T19:34:55+00:00","twitter_card":"summary_large_image","twitter_misc":{"Tempo di lettura stimato":"5 minuti"},"schema":{"@context":"https:\/\/schema.org","@graph":[{"@type":"WebPage","@id":"https:\/\/casasdemaderaftv.es\/it\/avviso-legale","url":"https:\/\/casasdemaderaftv.es\/it\/avviso-legale","name":"Avviso legale - Case prefabbricate Lignum Domus","isPartOf":{"@id":"https:\/\/casasdemaderaftv.es\/it#website"},"datePublished":"2022-03-13T11:01:54+00:00","dateModified":"2026-02-14T19:34:55+00:00","breadcrumb":{"@id":"https:\/\/casasdemaderaftv.es\/it\/avviso-legale#breadcrumb"},"inLanguage":"it-IT","potentialAction":[{"@type":"ReadAction","target":["https:\/\/casasdemaderaftv.es\/it\/avviso-legale"]}]},{"@type":"BreadcrumbList","@id":"https:\/\/casasdemaderaftv.es\/it\/avviso-legale#breadcrumb","itemListElement":[{"@type":"ListItem","position":1,"name":"Portada","item":"https:\/\/casasdemaderaftv.es\/it\/bioedilizia-di-case-prefabbricate"},{"@type":"ListItem","position":2,"name":"Avviso legale"}]},{"@type":"WebSite","@id":"https:\/\/casasdemaderaftv.es\/it#website","url":"https:\/\/casasdemaderaftv.es\/it","name":"Case prefabbricate Lignum Domus","description":"Case prefabbricate in legno a Fuerteventura. Costruiamo nelle Isole Canarie e in tutta la Spagna.","publisher":{"@id":"https:\/\/casasdemaderaftv.es\/it#organization"},"potentialAction":[{"@type":"SearchAction","target":{"@type":"EntryPoint","urlTemplate":"https:\/\/casasdemaderaftv.es\/it?s={search_term_string}"},"query-input":{"@type":"PropertyValueSpecification","valueRequired":true,"valueName":"search_term_string"}}],"inLanguage":"it-IT"},{"@type":"Organization","@id":"https:\/\/casasdemaderaftv.es\/it#organization","name":"Lignum Domus","url":"https:\/\/casasdemaderaftv.es\/it","logo":{"@type":"ImageObject","inLanguage":"it-IT","@id":"https:\/\/casasdemaderaftv.es\/it#\/schema\/logo\/image\/","url":"https:\/\/casasdemaderaftv.es\/wp-content\/uploads\/2022\/03\/logolignumdomus-1.png","contentUrl":"https:\/\/casasdemaderaftv.es\/wp-content\/uploads\/2022\/03\/logolignumdomus-1.png","width":200,"height":200,"caption":"Lignum Domus"},"image":{"@id":"https:\/\/casasdemaderaftv.es\/it#\/schema\/logo\/image\/"}}]}},"_links":{"self":[{"href":"https:\/\/casasdemaderaftv.es\/it\/wp-json\/wp\/v2\/pages\/6075","targetHints":{"allow":["GET"]}}],"collection":[{"href":"https:\/\/casasdemaderaftv.es\/it\/wp-json\/wp\/v2\/pages"}],"about":[{"href":"https:\/\/casasdemaderaftv.es\/it\/wp-json\/wp\/v2\/types\/page"}],"author":[{"embeddable":true,"href":"https:\/\/casasdemaderaftv.es\/it\/wp-json\/wp\/v2\/users\/1"}],"replies":[{"embeddable":true,"href":"https:\/\/casasdemaderaftv.es\/it\/wp-json\/wp\/v2\/comments?post=6075"}],"version-history":[{"count":4,"href":"https:\/\/casasdemaderaftv.es\/it\/wp-json\/wp\/v2\/pages\/6075\/revisions"}],"predecessor-version":[{"id":6180,"href":"https:\/\/casasdemaderaftv.es\/it\/wp-json\/wp\/v2\/pages\/6075\/revisions\/6180"}],"wp:attachment":[{"href":"https:\/\/casasdemaderaftv.es\/it\/wp-json\/wp\/v2\/media?parent=6075"}],"curies":[{"name":"wp","href":"https:\/\/api.w.org\/{rel}","templated":true}]}}